{"id":29,"date":"2023-03-04T08:18:11","date_gmt":"2023-03-04T08:18:11","guid":{"rendered":"http:\/\/dev.4x4event.se\/?page_id=29"},"modified":"2023-03-22T20:03:26","modified_gmt":"2023-03-22T19:03:26","slug":"om-oss","status":"publish","type":"page","link":"http:\/\/dev.4x4event.se\/en\/om-oss\/","title":{"rendered":"Om oss"},"content":{"rendered":"<p>4x4Event startade 2010 som ett f\u00f6retag som erbj\u00f6d k\u00f6rning med Jeep bilar \u00f6ver stockhinder p\u00e5 \u00d6sterlen i Sk\u00e5ne. Numera \u00e4r v\u00e5r huvudbas p\u00e5 motorbanan Ring Knutstorp i nordv\u00e4stra Sk\u00e5ne. \u00d6ver tiden har vi utvecklats. Vi har arrangerat evenemang med ett stort antal SUV:ar av andra m\u00e4rken \u00e4n Jeep. Det har varit lanseringar, utbildningar av s\u00e4ljare, \u00e4ven fr\u00e5n andra l\u00e4nder, konferenser och s\u00e5 vidare. V\u00e5ra bilar har transporterats till olika platser i skandinavien s\u00e5 att deltagare inte ska beh\u00f6va resa s\u00e5 l\u00e5ngt. Kort sagt vi \u00e4r flexibla.<\/p>\n\n\n\n<p>Vi har stor erfarenhet, Dan, \u00e4gare, har varit bilbranschen trogen sedan 16-\u00e5rs\u00e5ldern. I b\u00f6rjan av 90-talet flyttade Dan utomlands och arbetade globalt med Chrysler, Jeep och Dodge. D\u00e5 b\u00f6rjade intresset f\u00f6r Jeep och offroading. I Sverige innan 4x4Event handlade mycket om Jeep Academy och Jeeps engagemang p\u00e5 Kolm\u00e5rdens Djurpark.<\/p>\n\n\n\n<p>Jerk har \u201doffroadat\u201d i mer \u00e4n 40 \u00e5r. Under de senaste 20 \u00e5ren har det varit bland annat Land Rover, Volvo och VW, speciellt Touareg. Jerk \u00e4r n\u00e4stan \u201dnorrman\u201d efter oerh\u00f6rt m\u00e5nga aktiviteter i landet under ett antal \u00e5r. Han \u00e4r ocks\u00e5 utbildad och licensierad av Land Rover i England. Han \u00e4r certifierad som en \u201d4-Wheel Drive Trainer\u201d av International 4-Wheel Drive Trainers Association i USA. Det \u00e4r inte m\u00e5nga son sl\u00e5r honom i ekonomik\u00f6rning och han \u00e4r en hejare med en winsch.<\/p>\n\n\n\n<div class=\"wp-block-group is-content-justification-center is-nowrap is-layout-flex wp-container-core-group-is-layout-17de24ff wp-block-group-is-layout-flex\" style=\"margin-top:var(--wp--preset--spacing--50)\">\n<figure class=\"wp-block-image size-full\"><img loading=\"lazy\" decoding=\"async\" width=\"195\" height=\"195\" src=\"http:\/\/dev.4x4event.se\/wp-content\/uploads\/2023\/03\/about-us-dude.png\" alt=\"\" class=\"wp-image-65\" srcset=\"http:\/\/dev.4x4event.se\/wp-content\/uploads\/2023\/03\/about-us-dude.png 195w, http:\/\/dev.4x4event.se\/wp-content\/uploads\/2023\/03\/about-us-dude-150x150.png 150w, http:\/\/dev.4x4event.se\/wp-content\/uploads\/2023\/03\/about-us-dude-12x12.png 12w\" sizes=\"auto, (max-width: 195px) 100vw, 195px\" \/><\/figure>\n\n\n\n<h2 class=\"has-large-font-size wp-block-heading\">DAN RETTMARK,<br>\u00c4GARE\/INSTRUKT\u00d6R<\/h2>\n<\/div>\n\n\n\n<p>Dans karri\u00e4r har pr\u00e4glats av arbetet inom fordonssektorn. Han b\u00f6rjade som mekaniker och kom snart in i andra delar av branschen. Service, f\u00f6rs\u00e4ljning, utbildning, PR, marknadsf\u00f6ring. 1993 blev han projektledare f\u00f6r stora utst\u00e4llningar och evenemang f\u00f6r Detroit\u2013baserade George P. Johnson Company i USA. Chrysler Corp. sedermera DaimlerChrysler var kunden. Under de senaste \u00e5ren, \u00e5ter i Sverige var Dan bland annat ansvarig f\u00f6r Jeeps partnerskap p\u00e5 Kolm\u00e5rdens djurpark i \u00d6sterg\u00f6tland och Jeep Academy i Grythyttan. Sedan 2007 driver Dan Baldur Consulting och 2010 4x4Event.<\/p>\n\n\n\n<div class=\"wp-block-group is-content-justification-center is-nowrap is-layout-flex wp-container-core-group-is-layout-17de24ff wp-block-group-is-layout-flex\" style=\"margin-top:var(--wp--preset--spacing--50)\">\n<figure class=\"wp-block-image size-full\"><img loading=\"lazy\" decoding=\"async\" width=\"194\" height=\"194\" src=\"http:\/\/dev.4x4event.se\/wp-content\/uploads\/2023\/03\/about-us-Jerk-1.png\" alt=\"\" class=\"wp-image-66\" srcset=\"http:\/\/dev.4x4event.se\/wp-content\/uploads\/2023\/03\/about-us-Jerk-1.png 194w, http:\/\/dev.4x4event.se\/wp-content\/uploads\/2023\/03\/about-us-Jerk-1-150x150.png 150w, http:\/\/dev.4x4event.se\/wp-content\/uploads\/2023\/03\/about-us-Jerk-1-12x12.png 12w\" sizes=\"auto, (max-width: 194px) 100vw, 194px\" \/><\/figure>\n\n\n\n<h2 class=\"has-large-font-size wp-block-heading\">JERK SUNDBERG,<br>INSTRUKT\u00d6R<\/h2>\n<\/div>\n\n\n\n<p>Jerk har jobbat med fordon i hela sin yrkesm\u00e4ssamma karri\u00e4r. Fr\u00e5n Volvos baskommunikation i marknadsf\u00f6ring som gick ut till alla import\u00f6rer i v\u00e4rlden till att jobba med Polarvagnens profilering i Skandinavien.<br>F\u00f6rsta Willys Jeepen k\u00f6ptes 1976 och anv\u00e4ndes flitigt i Skandinavien. Efter detta har det alltid funnits en Willys i garaget. Fordon har varit passionen b\u00e5de yrkesm\u00e4ssigt och privat.<br>Sedan 2001 har fokus varit som instrukt\u00f6r och utbildare i det egna konsultbolaget. Introduktioner, utbildning, kundt\u00e4vlingar och pressk\u00f6rningar har varit huvudfokus<\/p>\n\n\n\n<p>Jerk och Dan h\u00f6r till de mer k\u00e4nda namnen i 4WD k\u00f6rning.<\/p>\n\n\n\n<h2 class=\"has-large-font-size wp-block-heading\">ANDRA INSTRUKT\u00d6RER<\/h2>\n\n\n\n<p>Vi har flera kvalificerade instrukt\u00f6rer knutna till oss. M\u00e5nga med en bakgrund som \u00e4ventyrs \u2013 guider, t\u00e4vlingsf\u00f6rare och offroad instrukt\u00f6rer.<\/p>\n\n\n\n<h2 class=\"has-large-font-size wp-block-heading\">BILAR<\/h2>\n\n\n\n<p>V\u00e5ra bilar \u00e4r av m\u00e4rket Jeep. Av ett riktigt gott sk\u00e4l. Det \u00e4r Jeep som \u00e4r originalet f\u00f6r mindre fyrhjulsdrivna fordon.&nbsp; Vi har Jeep av f\u00f6ljande modeller: Jeep Wrangler Unlimited, Wrangler, Cherokee och Grand Cherokee. Totalt har vi fem Jeep bilar. Bilarna \u00e4r av \u00e5rsmodell \u201906 eller nyare. De \u00e4r alla besiktigade, servade, skattade och \u201di trafik\u201d.<br>Vi har nyligen k\u00f6pt tv\u00e5 Suzuki Jimny av 2019\/2020 \u00e5rs modell.&nbsp;<\/p>","protected":false},"excerpt":{"rendered":"<p>4x4Event startade 2010 som ett f\u00f6retag som erbj\u00f6d k\u00f6rning med Jeep bilar \u00f6ver stockhinder p\u00e5 \u00d6sterlen i Sk\u00e5ne. Numera \u00e4r v\u00e5r huvudbas p\u00e5 motorbanan Ring Knutstorp i nordv\u00e4stra Sk\u00e5ne. \u00d6ver tiden har vi utvecklats. Vi har arrangerat evenemang med ett stort antal SUV:ar av andra m\u00e4rken \u00e4n Jeep. Det har varit lanseringar, utbildningar av s\u00e4ljare, [&hellip;]<\/p>\n","protected":false},"author":1,"featured_media":0,"parent":0,"menu_order":1,"comment_status":"closed","ping_status":"closed","template":"","meta":{"pgc_sgb_lightbox_settings":"","footnotes":""},"class_list":["post-29","page","type-page","status-publish","hentry"],"_links":{"self":[{"href":"http:\/\/dev.4x4event.se\/en\/wp-json\/wp\/v2\/pages\/29","targetHints":{"allow":["GET"]}}],"collection":[{"href":"http:\/\/dev.4x4event.se\/en\/wp-json\/wp\/v2\/pages"}],"about":[{"href":"http:\/\/dev.4x4event.se\/en\/wp-json\/wp\/v2\/types\/page"}],"author":[{"embeddable":true,"href":"http:\/\/dev.4x4event.se\/en\/wp-json\/wp\/v2\/users\/1"}],"replies":[{"embeddable":true,"href":"http:\/\/dev.4x4event.se\/en\/wp-json\/wp\/v2\/comments?post=29"}],"version-history":[{"count":4,"href":"http:\/\/dev.4x4event.se\/en\/wp-json\/wp\/v2\/pages\/29\/revisions"}],"predecessor-version":[{"id":144,"href":"http:\/\/dev.4x4event.se\/en\/wp-json\/wp\/v2\/pages\/29\/revisions\/144"}],"wp:attachment":[{"href":"http:\/\/dev.4x4event.se\/en\/wp-json\/wp\/v2\/media?parent=29"}],"curies":[{"name":"wp","href":"https:\/\/api.w.org\/{rel}","templated":true}]}}