{"id":38,"date":"2023-03-04T08:25:35","date_gmt":"2023-03-04T08:25:35","guid":{"rendered":"http:\/\/dev.4x4event.se\/?page_id=38"},"modified":"2023-03-21T16:14:25","modified_gmt":"2023-03-21T15:14:25","slug":"ring-knutstorp-adventure","status":"publish","type":"page","link":"http:\/\/dev.4x4event.se\/en\/aktiviteter\/ring-knutstorp-adventure\/","title":{"rendered":"Ring Knutstorp Adventure!"},"content":{"rendered":"<h2 class=\"has-large-font-size wp-block-heading\"><strong>Adventure Step 1 \u2013 Ring Knutstorp<\/strong><\/h2>\n\n\n\n<p>H\u00e4r upplever du sp\u00e4nnande Jeep-k\u00f6rning i natursk\u00f6n milj\u00f6. Ring Knutstorp hittar du ungef\u00e4r en halvtimme i bil fr\u00e5n Landskrona respektive Helsingborg n\u00e4ra K\u00e5ger\u00f6d. Vi har flera olika banalternativ att erbjuda. Branta backar, vattengrav och fasta hinder av stockar d\u00e4r vi har skapat n\u00e5gra av de sv\u00e5righeter man kan st\u00f6ta p\u00e5 vid k\u00f6rning i terr\u00e4ng.<\/p>\n\n\n\n<p>Priset \u00e4r 995 kronor. Beroende lite p\u00e5 v\u00e4derlek och de andra deltagarna \u00e4r vi med genomg\u00e5ng, k\u00f6rning och summering ig\u00e5ng upp\u00e5t tv\u00e5 timmar. F\u00f6r tidsbokning g\u00e4llande privatpersoner maila eller ring. Om du mailar, gl\u00f6m inte att skriva ditt telefonnummer.<\/p>\n\n\n\n<h2 class=\"has-large-font-size wp-block-heading\"><strong>Adventure Step 2 \u2013 Ring Knutstorp<\/strong><\/h2>\n\n\n\n<p>Kanske omedelbart efter \u201cStep 1\u201d eller vid ett senare tillf\u00e4lle kan du f\u00e5 ytterligare erfarenhet p\u00e5 v\u00e5rt sp\u00e5r runt motorbanan. H\u00e4r kommer du att f\u00e5 k\u00e4nna p\u00e5 branta backar, en vattengrav och \u00f6vrig offroad k\u00f6rning i terr\u00e4ng.<\/p>\n\n\n\n<p>Vi vill g\u00e4rna att du k\u00f6rt \u201dstep 1\u201d innan du g\u00f6r \u201dstep 2\u201d. Du har d\u00e5 f\u00e5tt lite av k\u00e4nslan hur bilen beter sig och hur den \u201dpratar\u201d med dig. H\u00e4r \u00e4r priset 1095 kronor<br>och tids\u00e5tg\u00e5ngen mellan tv\u00e5 och tre timmar. Maila Dan eller ring.<\/p>\n\n\n\n<p class=\"has-text-align-right\">dan@baldur.nu \/ +46 708 11 66 88<\/p>\n\n\n\n<figure class=\"wp-block-embed is-type-video is-provider-youtube wp-block-embed-youtube wp-embed-aspect-16-9 wp-has-aspect-ratio\"><div class=\"wp-block-embed__wrapper\">\n<iframe loading=\"lazy\" title=\"4x4Event Sverige\" width=\"500\" height=\"281\" src=\"https:\/\/www.youtube.com\/embed\/UeKYkhbIO6Y?feature=oembed\" frameborder=\"0\" allow=\"accelerometer; autoplay; clipboard-write; encrypted-media; gyroscope; picture-in-picture; web-share\" referrerpolicy=\"strict-origin-when-cross-origin\" allowfullscreen><\/iframe>\n<\/div><\/figure>","protected":false},"excerpt":{"rendered":"<p>Adventure Step 1 \u2013 Ring Knutstorp H\u00e4r upplever du sp\u00e4nnande Jeep-k\u00f6rning i natursk\u00f6n milj\u00f6. Ring Knutstorp hittar du ungef\u00e4r en halvtimme i bil fr\u00e5n Landskrona respektive Helsingborg n\u00e4ra K\u00e5ger\u00f6d. Vi har flera olika banalternativ att erbjuda. Branta backar, vattengrav och fasta hinder av stockar d\u00e4r vi har skapat n\u00e5gra av de sv\u00e5righeter man kan st\u00f6ta [&hellip;]<\/p>\n","protected":false},"author":1,"featured_media":0,"parent":2,"menu_order":0,"comment_status":"closed","ping_status":"closed","template":"","meta":{"pgc_sgb_lightbox_settings":"","footnotes":""},"class_list":["post-38","page","type-page","status-publish","hentry"],"_links":{"self":[{"href":"http:\/\/dev.4x4event.se\/en\/wp-json\/wp\/v2\/pages\/38","targetHints":{"allow":["GET"]}}],"collection":[{"href":"http:\/\/dev.4x4event.se\/en\/wp-json\/wp\/v2\/pages"}],"about":[{"href":"http:\/\/dev.4x4event.se\/en\/wp-json\/wp\/v2\/types\/page"}],"author":[{"embeddable":true,"href":"http:\/\/dev.4x4event.se\/en\/wp-json\/wp\/v2\/users\/1"}],"replies":[{"embeddable":true,"href":"http:\/\/dev.4x4event.se\/en\/wp-json\/wp\/v2\/comments?post=38"}],"version-history":[{"count":4,"href":"http:\/\/dev.4x4event.se\/en\/wp-json\/wp\/v2\/pages\/38\/revisions"}],"predecessor-version":[{"id":134,"href":"http:\/\/dev.4x4event.se\/en\/wp-json\/wp\/v2\/pages\/38\/revisions\/134"}],"up":[{"embeddable":true,"href":"http:\/\/dev.4x4event.se\/en\/wp-json\/wp\/v2\/pages\/2"}],"wp:attachment":[{"href":"http:\/\/dev.4x4event.se\/en\/wp-json\/wp\/v2\/media?parent=38"}],"curies":[{"name":"wp","href":"https:\/\/api.w.org\/{rel}","templated":true}]}}