{"id":40,"date":"2023-03-04T08:26:18","date_gmt":"2023-03-04T08:26:18","guid":{"rendered":"http:\/\/dev.4x4event.se\/?page_id=40"},"modified":"2023-03-16T21:27:16","modified_gmt":"2023-03-16T21:27:16","slug":"smaland-weekend-adventure","status":"publish","type":"page","link":"http:\/\/dev.4x4event.se\/en\/aktiviteter\/smaland-weekend-adventure\/","title":{"rendered":"Sm\u00e5land \u2013 Weekend Adventure"},"content":{"rendered":"<p>Detta \u00e4r ett weekend paket med offroad k\u00f6rning i s\u00f6dra Sm\u00e5land. Vi ger oss iv\u00e4g p\u00e5 morgonen i karavan fr\u00e5n Ring Knutstorp i v\u00e5ra jeep bilar. Fika l\u00e4ngs v\u00e4gen. Ungef\u00e4r tre timmar senare \u00e4r vi framme i Sm\u00e5land. Vi checkar in p\u00e5 hotellet och \u00e4ter lunch. D\u00e4refter ger vi oss ut i naturen p\u00e5 v\u00e5rt f\u00f6rsta offroad sp\u00e5r. Nu \u00e4r vi ute i riktig terr\u00e4ng. Det kan bli riktigt utmanande. Ibland beh\u00f6ver vi kanske anv\u00e4nda winsch. Tillbaka till hotellet. Vi tv\u00e4ttar av oss dammet och tr\u00e4ffas sedan i baren f\u00f6r en \u00f6l. D\u00e4refter middag och prat om dagens h\u00e4ndelser. Dag tv\u00e5 b\u00f6rjar med frukost innan vi ger oss ut i naturen igen f\u00f6r nya utmanande sp\u00e5r.\u00a0 Sv\u00e5righetsgraden \u00f6kas. Innan \u00e5terf\u00e4rd mot Sk\u00e5ne \u00e4ter vi en riktig lunchmacka. Vi \u00e4r \u00e5ter i Sk\u00e5ne sen eftermiddag efter tv\u00e5 sp\u00e4nnande dagar i sm\u00e5l\u00e4ndsk vildmark.<\/p>\n\n\n\n<h2 class=\"has-large-font-size wp-block-heading\"><strong>Privatpersoner<\/strong><\/h2>\n\n\n\n<p><em><strong>Weekend Adventure:<\/strong><\/em>\u00a0pris p\u00e5 f\u00f6rfr\u00e5gan<br>Detta f\u00e5r du: Sk\u00e5ne tur och retur i Jeep bilar inklusive br\u00e4nsle, erfarna ledare, utrustning i bilar, tv\u00e5 fika och tv\u00e5 luncher utomhus, middag och dessert, \u00f6vernattning i dubbelrum. Sp\u00e4nnande upplevelser. Maila eller ring.<\/p>\n\n\n\n<h2 class=\"has-large-font-size wp-block-heading\"><strong>F\u00f6retag<\/strong><\/h2>\n\n\n\n<p>Konferens, f\u00f6retagsevenemang eller teambuilding. Vi erbjuder paket fr\u00e5n halv dag till flera dagar. Kontakta oss f\u00f6r f\u00f6rslag och offert. Maila eller ring.<\/p>\n\n\n\n<p class=\"has-text-align-right\">Pris efter f\u00f6rfr\u00e5gan: dan@baldur.nu \/ +46 708 11 66 88<\/p>","protected":false},"excerpt":{"rendered":"<p>Detta \u00e4r ett weekend paket med offroad k\u00f6rning i s\u00f6dra Sm\u00e5land. Vi ger oss iv\u00e4g p\u00e5 morgonen i karavan fr\u00e5n Ring Knutstorp i v\u00e5ra jeep bilar. Fika l\u00e4ngs v\u00e4gen. Ungef\u00e4r tre timmar senare \u00e4r vi framme i Sm\u00e5land. Vi checkar in p\u00e5 hotellet och \u00e4ter lunch. D\u00e4refter ger vi oss ut i naturen p\u00e5 v\u00e5rt [&hellip;]<\/p>\n","protected":false},"author":1,"featured_media":0,"parent":2,"menu_order":0,"comment_status":"closed","ping_status":"closed","template":"","meta":{"pgc_sgb_lightbox_settings":"","footnotes":""},"class_list":["post-40","page","type-page","status-publish","hentry"],"_links":{"self":[{"href":"http:\/\/dev.4x4event.se\/en\/wp-json\/wp\/v2\/pages\/40","targetHints":{"allow":["GET"]}}],"collection":[{"href":"http:\/\/dev.4x4event.se\/en\/wp-json\/wp\/v2\/pages"}],"about":[{"href":"http:\/\/dev.4x4event.se\/en\/wp-json\/wp\/v2\/types\/page"}],"author":[{"embeddable":true,"href":"http:\/\/dev.4x4event.se\/en\/wp-json\/wp\/v2\/users\/1"}],"replies":[{"embeddable":true,"href":"http:\/\/dev.4x4event.se\/en\/wp-json\/wp\/v2\/comments?post=40"}],"version-history":[{"count":3,"href":"http:\/\/dev.4x4event.se\/en\/wp-json\/wp\/v2\/pages\/40\/revisions"}],"predecessor-version":[{"id":71,"href":"http:\/\/dev.4x4event.se\/en\/wp-json\/wp\/v2\/pages\/40\/revisions\/71"}],"up":[{"embeddable":true,"href":"http:\/\/dev.4x4event.se\/en\/wp-json\/wp\/v2\/pages\/2"}],"wp:attachment":[{"href":"http:\/\/dev.4x4event.se\/en\/wp-json\/wp\/v2\/media?parent=40"}],"curies":[{"name":"wp","href":"https:\/\/api.w.org\/{rel}","templated":true}]}}