{"id":48,"date":"2023-03-04T08:28:28","date_gmt":"2023-03-04T08:28:28","guid":{"rendered":"http:\/\/dev.4x4event.se\/?page_id=48"},"modified":"2023-03-16T21:37:27","modified_gmt":"2023-03-16T21:37:27","slug":"gift-adventure-presentkort","status":"publish","type":"page","link":"http:\/\/dev.4x4event.se\/en\/aktiviteter\/gift-adventure-presentkort\/","title":{"rendered":"Gift Adventure \u2013 Presentkort"},"content":{"rendered":"<p>Ge bort n\u00e5gon av v\u00e5ra popul\u00e4ra k\u00f6rningar till f\u00f6delsedagsbarnet, studenten, till personalen eller som br\u00f6llopsg\u00e5va.\u00a0 En upplevelse present som skapar minnen!\u00a0 Boka ditt presentkort idag och vi levererar per post! Eller varf\u00f6r inte ge bort en offroadk\u00f6rning som julklapp till personalen?<\/p>\n\n\n\n<p><strong>Present 1:<\/strong><br>\u201dStep 1\u201d 895 kronor, maila eller ring.<\/p>\n\n\n\n<p><strong>Present 2:<br><\/strong>\u201dStep 2\u201d 895 kronor, maila eller ring.<\/p>\n\n\n\n<p class=\"has-text-align-right\">dan@baldur.nu \/ +46 708 11 66 88<\/p>","protected":false},"excerpt":{"rendered":"<p>Ge bort n\u00e5gon av v\u00e5ra popul\u00e4ra k\u00f6rningar till f\u00f6delsedagsbarnet, studenten, till personalen eller som br\u00f6llopsg\u00e5va.\u00a0 En upplevelse present som skapar minnen!\u00a0 Boka ditt presentkort idag och vi levererar per post! Eller varf\u00f6r inte ge bort en offroadk\u00f6rning som julklapp till personalen? Present 1:\u201dStep 1\u201d 895 kronor, maila eller ring. Present 2:\u201dStep 2\u201d 895 kronor, maila [&hellip;]<\/p>\n","protected":false},"author":1,"featured_media":0,"parent":2,"menu_order":0,"comment_status":"closed","ping_status":"closed","template":"","meta":{"pgc_sgb_lightbox_settings":"","footnotes":""},"class_list":["post-48","page","type-page","status-publish","hentry"],"_links":{"self":[{"href":"http:\/\/dev.4x4event.se\/en\/wp-json\/wp\/v2\/pages\/48","targetHints":{"allow":["GET"]}}],"collection":[{"href":"http:\/\/dev.4x4event.se\/en\/wp-json\/wp\/v2\/pages"}],"about":[{"href":"http:\/\/dev.4x4event.se\/en\/wp-json\/wp\/v2\/types\/page"}],"author":[{"embeddable":true,"href":"http:\/\/dev.4x4event.se\/en\/wp-json\/wp\/v2\/users\/1"}],"replies":[{"embeddable":true,"href":"http:\/\/dev.4x4event.se\/en\/wp-json\/wp\/v2\/comments?post=48"}],"version-history":[{"count":2,"href":"http:\/\/dev.4x4event.se\/en\/wp-json\/wp\/v2\/pages\/48\/revisions"}],"predecessor-version":[{"id":77,"href":"http:\/\/dev.4x4event.se\/en\/wp-json\/wp\/v2\/pages\/48\/revisions\/77"}],"up":[{"embeddable":true,"href":"http:\/\/dev.4x4event.se\/en\/wp-json\/wp\/v2\/pages\/2"}],"wp:attachment":[{"href":"http:\/\/dev.4x4event.se\/en\/wp-json\/wp\/v2\/media?parent=48"}],"curies":[{"name":"wp","href":"https:\/\/api.w.org\/{rel}","templated":true}]}}