{"id":44,"date":"2023-03-04T08:27:33","date_gmt":"2023-03-04T08:27:33","guid":{"rendered":"http:\/\/dev.4x4event.se\/?page_id=44"},"modified":"2023-03-16T21:35:59","modified_gmt":"2023-03-16T21:35:59","slug":"bargning-recovery-winch","status":"publish","type":"page","link":"http:\/\/dev.4x4event.se\/sv\/aktiviteter\/bargning-recovery-winch\/","title":{"rendered":"B\u00e4rgning \/ Recovery \u2013 Winch"},"content":{"rendered":"\n<p><strong>B\u00e4rgning med winch, \u00bd dag<\/strong><br>Grunder, risker\/s\u00e4kerhet, teori\/praktik<\/p>\n\n\n\n<p><strong>B\u00e4rgning med winch, 1 dag<\/strong><br>Som ovan plus olika scenarios\/riggningar, ber\u00e4kning av b\u00e4rgningmotst\u00e5nd<\/p>\n\n\n\n<p><strong>B\u00e4rgning med winch och alternativa metoder, 2 dagar<\/strong><br>Som ovan plus \u00e4n mer praktik, olika riggningar och produkter som Hi-Lift och ryckstropp<\/p>\n\n\n\n<p><strong>Grunder b\u00e4rgning med Winch \u00bd dag<\/strong><\/p>\n\n\n\n<p>Introduktion i arbete med winch.<\/p>\n\n\n\n<p>-Teori;<br>Genomg\u00e5ng av material, f\u00f6r och nackdelar med olika produkter.<br>S\u00e4kerhet, risker och milj\u00f6h\u00e4nsyn.<br>Enkla riggningar och bed\u00f6mning av b\u00e4rgningsmotst\u00e5nd<\/p>\n\n\n\n<p>-Praktisk riggning;<br>\u00d6vningar med winch med olika scenarios<br>S\u00e4kerhetst\u00e4nk vid b\u00e4rgning<br>Milj\u00f6h\u00e4nsyn<br>F\u00f6rankringspunkter<\/p>\n\n\n\n<p><strong>B\u00e4rgning med Winch&nbsp;<\/strong><strong>1 dag<\/strong><\/p>\n\n\n\n<p>Arbete med winch.<\/p>\n\n\n\n<p>-Teori;<br>Genomg\u00e5ng av material, f\u00f6r och nackdelar med olika produkter.<br>S\u00e4kerhet, risker och milj\u00f6h\u00e4nsyn.<br>Genomg\u00e5ng av olika typer av riggningar och bed\u00f6mning och ber\u00e4kning av b\u00e4rgningsmotst\u00e5nd<\/p>\n\n\n\n<p>-Praktisk riggning;<br>\u00d6vningar med winch med olika scenarios<br>Ber\u00e4kning av b\u00e4rgningsmotst\u00e5nd<br>S\u00e4kerhetst\u00e4nk vid b\u00e4rgning<br>Milj\u00f6h\u00e4nsyn<br>F\u00f6rankringspunkter<\/p>\n\n\n\n<p><strong>B\u00e4rgning med Winch och alternativa metoder 2 dagar<\/strong><\/p>\n\n\n\n<p>Dag 1, upp till halva dagen teori, l\u00f6sningar, produkter och mekanik.<br>Dag 2, mycket praktik. Olika riggningar med m\u00e5nga former av f\u00f6rankringspunkter. Olika typer av b\u00e4rgningsuppl\u00e4gg med alternativa l\u00f6sningar som Hi-Lift och ryckstropp;<\/p>\n\n\n\n<p>-Teori;<br>Genomg\u00e5ng av material, f\u00f6r och nackdelar med olika produkter.<br>S\u00e4kerhet, risker och milj\u00f6h\u00e4nsyn.<br>Genomg\u00e5ng av olika typer av riggningar och bed\u00f6mning och ber\u00e4kning av b\u00e4rgningsmotst\u00e5nd<\/p>\n\n\n\n<p>-Praktisk riggning;<br>\u00d6vningar med winch med olika scenarios<br>Ber\u00e4kning av b\u00e4rgningsmotst\u00e5nd<br>S\u00e4kerhetst\u00e4nk vid b\u00e4rgning<br>Milj\u00f6h\u00e4nsyn<br>F\u00f6rankringspunkter<\/p>\n\n\n\n<p class=\"has-text-align-right\">Pris efter f\u00f6rfr\u00e5gan: dan@baldur.nu \/ +46 708 11 66 88<\/p>\n","protected":false},"excerpt":{"rendered":"<p>B\u00e4rgning med winch, \u00bd dagGrunder, risker\/s\u00e4kerhet, teori\/praktik B\u00e4rgning med winch, 1 dagSom ovan plus olika scenarios\/riggningar, ber\u00e4kning av b\u00e4rgningmotst\u00e5nd B\u00e4rgning med winch och alternativa metoder, 2 dagarSom ovan plus \u00e4n mer praktik, olika riggningar och produkter som Hi-Lift och ryckstropp Grunder b\u00e4rgning med Winch \u00bd dag Introduktion i arbete med winch. -Teori;Genomg\u00e5ng av material, f\u00f6r [&hellip;]<\/p>\n","protected":false},"author":1,"featured_media":0,"parent":2,"menu_order":0,"comment_status":"closed","ping_status":"closed","template":"","meta":{"pgc_sgb_lightbox_settings":"","footnotes":""},"class_list":["post-44","page","type-page","status-publish","hentry"],"_links":{"self":[{"href":"http:\/\/dev.4x4event.se\/sv\/wp-json\/wp\/v2\/pages\/44","targetHints":{"allow":["GET"]}}],"collection":[{"href":"http:\/\/dev.4x4event.se\/sv\/wp-json\/wp\/v2\/pages"}],"about":[{"href":"http:\/\/dev.4x4event.se\/sv\/wp-json\/wp\/v2\/types\/page"}],"author":[{"embeddable":true,"href":"http:\/\/dev.4x4event.se\/sv\/wp-json\/wp\/v2\/users\/1"}],"replies":[{"embeddable":true,"href":"http:\/\/dev.4x4event.se\/sv\/wp-json\/wp\/v2\/comments?post=44"}],"version-history":[{"count":2,"href":"http:\/\/dev.4x4event.se\/sv\/wp-json\/wp\/v2\/pages\/44\/revisions"}],"predecessor-version":[{"id":75,"href":"http:\/\/dev.4x4event.se\/sv\/wp-json\/wp\/v2\/pages\/44\/revisions\/75"}],"up":[{"embeddable":true,"href":"http:\/\/dev.4x4event.se\/sv\/wp-json\/wp\/v2\/pages\/2"}],"wp:attachment":[{"href":"http:\/\/dev.4x4event.se\/sv\/wp-json\/wp\/v2\/media?parent=44"}],"curies":[{"name":"wp","href":"https:\/\/api.w.org\/{rel}","templated":true}]}}