{"id":46,"date":"2023-03-04T08:28:02","date_gmt":"2023-03-04T08:28:02","guid":{"rendered":"http:\/\/dev.4x4event.se\/?page_id=46"},"modified":"2023-03-16T21:36:39","modified_gmt":"2023-03-16T21:36:39","slug":"business-adventure-for-foretag","status":"publish","type":"page","link":"http:\/\/dev.4x4event.se\/sv\/aktiviteter\/business-adventure-for-foretag\/","title":{"rendered":"Business Adventure \u2013 F\u00f6r f\u00f6retag"},"content":{"rendered":"\n<p>Genom \u00e5ren har vi genomf\u00f6rt ett stort antal evenemang f\u00f6r f\u00f6retag. En eller flera dagar. Konferens\/m\u00f6ten p\u00e5 Ring Knutstorp eller p\u00e5 annan plats. Ibland bara en aktivitetsdag f\u00f6r personalen. Med aktiviteter, f\u00f6rutom offroad, som till exempel kajak, mountainbike (cykling\/trick), repellera nedf\u00f6r v\u00e4ggar\/branter, tr\u00e4dkl\u00e4ttring, bil p\u00e5 bana \u2026. N\u00e5gra g\u00e5nger har deltagarna sovit i t\u00e4lt. Vi har \u00e4ven anv\u00e4nt indiant\u00e4lt (tipi\/tepee\/wigwam).<\/p>\n\n\n\n<p>Vi \u00e4r flexibla, och har erfarenheten.<\/p>\n\n\n\n<p class=\"has-text-align-right\">Pris efter f\u00f6rfr\u00e5gan: dan@baldur.nu \/ +46 708 11 66 88<\/p>\n","protected":false},"excerpt":{"rendered":"<p>Genom \u00e5ren har vi genomf\u00f6rt ett stort antal evenemang f\u00f6r f\u00f6retag. En eller flera dagar. Konferens\/m\u00f6ten p\u00e5 Ring Knutstorp eller p\u00e5 annan plats. Ibland bara en aktivitetsdag f\u00f6r personalen. Med aktiviteter, f\u00f6rutom offroad, som till exempel kajak, mountainbike (cykling\/trick), repellera nedf\u00f6r v\u00e4ggar\/branter, tr\u00e4dkl\u00e4ttring, bil p\u00e5 bana \u2026. N\u00e5gra g\u00e5nger har deltagarna sovit i t\u00e4lt. Vi [&hellip;]<\/p>\n","protected":false},"author":1,"featured_media":0,"parent":2,"menu_order":0,"comment_status":"closed","ping_status":"closed","template":"","meta":{"pgc_sgb_lightbox_settings":"","footnotes":""},"class_list":["post-46","page","type-page","status-publish","hentry"],"_links":{"self":[{"href":"http:\/\/dev.4x4event.se\/sv\/wp-json\/wp\/v2\/pages\/46","targetHints":{"allow":["GET"]}}],"collection":[{"href":"http:\/\/dev.4x4event.se\/sv\/wp-json\/wp\/v2\/pages"}],"about":[{"href":"http:\/\/dev.4x4event.se\/sv\/wp-json\/wp\/v2\/types\/page"}],"author":[{"embeddable":true,"href":"http:\/\/dev.4x4event.se\/sv\/wp-json\/wp\/v2\/users\/1"}],"replies":[{"embeddable":true,"href":"http:\/\/dev.4x4event.se\/sv\/wp-json\/wp\/v2\/comments?post=46"}],"version-history":[{"count":2,"href":"http:\/\/dev.4x4event.se\/sv\/wp-json\/wp\/v2\/pages\/46\/revisions"}],"predecessor-version":[{"id":76,"href":"http:\/\/dev.4x4event.se\/sv\/wp-json\/wp\/v2\/pages\/46\/revisions\/76"}],"up":[{"embeddable":true,"href":"http:\/\/dev.4x4event.se\/sv\/wp-json\/wp\/v2\/pages\/2"}],"wp:attachment":[{"href":"http:\/\/dev.4x4event.se\/sv\/wp-json\/wp\/v2\/media?parent=46"}],"curies":[{"name":"wp","href":"https:\/\/api.w.org\/{rel}","templated":true}]}}